{"id":24,"date":"2022-12-13T12:34:50","date_gmt":"2022-12-13T11:34:50","guid":{"rendered":"https:\/\/test.sanagroup.org\/?page_id=24"},"modified":"2024-08-13T14:32:37","modified_gmt":"2024-08-13T12:32:37","slug":"legal-notice","status":"publish","type":"page","link":"https:\/\/sanagroup.org\/en\/legal-notice\/","title":{"rendered":"Imprint"},"content":{"rendered":"<div data-elementor-type=\"wp-page\" data-elementor-id=\"24\" class=\"elementor elementor-24\" data-elementor-post-type=\"page\">\n\t\t\t\t<div class=\"elementor-element elementor-element-d71f0bb e-flex e-con-boxed e-con e-parent\" data-id=\"d71f0bb\" data-element_type=\"container\">\n\t\t\t\t\t<div class=\"e-con-inner\">\n\t\t<div class=\"elementor-element elementor-element-e462280 e-con-full e-flex e-con e-child\" data-id=\"e462280\" data-element_type=\"container\">\n\t\t\t\t<div class=\"elementor-element elementor-element-edcc14d elementor-widget elementor-widget-heading\" data-id=\"edcc14d\" data-element_type=\"widget\" data-widget_type=\"heading.default\">\n\t\t\t\t<div class=\"elementor-widget-container\">\n\t\t\t\t\t<h2 class=\"elementor-heading-title elementor-size-default\">Imprint<\/h2>\t\t\t\t<\/div>\n\t\t\t\t<\/div>\n\t\t\t\t<div class=\"elementor-element elementor-element-10f722e elementor-widget elementor-widget-text-editor\" data-id=\"10f722e\" data-element_type=\"widget\" data-widget_type=\"text-editor.default\">\n\t\t\t\t<div class=\"elementor-widget-container\">\n\t\t\t\t\t\t\t\t\t\n<p><strong>According to \u00a7 5 TMG:<\/strong><\/p>\n\n<p><strong>sanaGroup GmbH<\/strong><br \/>Brandshofer Deich 10<br \/>D-20539 Hamburg<\/p>\n\n<p><strong>Represented by:<\/strong><\/p>\n\n<p>Arne Kraeft<\/p>\n\n<p><strong>Contact<\/strong><\/p>\n\n<figure class=\"wp-block-table\">\n<table>\n<tbody>\n<tr>\n<td>Phone:<\/td>\n<td>+49 40 228 58 56 0<\/td>\n<\/tr>\n<tr>\n<td>Fax:<\/td>\n<td>+49 40 228 58 56 99<\/td>\n<\/tr>\n<tr>\n<td>Email:<\/td>\n<td>contact[a]sanagroup.com<\/td>\n<\/tr>\n<\/tbody>\n<\/table>\n<\/figure>\n\n<p><strong>Sources for the images and graphics used:<\/strong><\/p>\n\n<p>shutterstock.com<\/p>\n\n<p><strong>Online Dispute Resolution<\/strong><\/p>\n\n<p class=\" translation-block\">The European Commission provides a platform for online dispute resolution (OS). The platform can be found at\u00a0http:\/\/ec.europa.eu\/consumers\/odr\nWe are ready to participate in a dispute settlement procedure before consumer arbitration boards.<\/p>\n\n<div id=\"simple-translate\" class=\"simple-translate-system-theme\">\n<div>\n<div class=\"simple-translate-button isShow\" style=\"background-image: url('moz-extension:\/\/6a1ae19e-4f44-4df4-92c0-d47078165f63\/icons\/512.png'); height: 22px; width: 22px; top: 206px; left: 214px;\">\u00a0<\/div>\n<div class=\"simple-translate-panel\" style=\"width: 300px; height: 200px; top: 0px; left: 0px; font-size: 13px;\">\n<div class=\"simple-translate-result-wrapper\" style=\"overflow: hidden;\">\n<div class=\"simple-translate-move\" draggable=\"true\">\u00a0<\/div>\n<div class=\"simple-translate-result-contents\">\n<p class=\"simple-translate-result\" dir=\"auto\">\u00a0<\/p>\n<p class=\"simple-translate-candidate\" dir=\"auto\">\u00a0<\/p>\n<\/div>\n<\/div>\n<\/div>\n<\/div>\n<\/div>\t\t\t\t\t\t\t\t<\/div>\n\t\t\t\t<\/div>\n\t\t\t\t<\/div>\n\t\t\t\t\t<\/div>\n\t\t\t\t<\/div>\n\t\t\t\t<\/div>","protected":false},"excerpt":{"rendered":"<p>Impressum Gem\u00e4\u00df \u00a7 5 TMG: sanaGroup GmbHBrandshofer Deich 10D-20539 Hamburg Vertreten durch: Arne Kraeft Kontakt: Telefon: +49 40 228 58 56 0 Fax: +49 40 228 58 56 99 Email: contact[a]sanagroup.com Quellen der verwendeten Bilder und Grafiken: shutterstock.com Online-Streitbeilegung Die Europ\u00e4ische Kommission stellt eine Plattform f\u00fcr die Online-Streitbeilegung (OS) zur Verf\u00fcgung. Die Plattform ist unter&hellip;<\/p>","protected":false},"author":1,"featured_media":0,"parent":0,"menu_order":0,"comment_status":"closed","ping_status":"closed","template":"elementor_header_footer","meta":{"footnotes":""},"class_list":["post-24","page","type-page","status-publish","hentry"],"_links":{"self":[{"href":"https:\/\/sanagroup.org\/en\/wp-json\/wp\/v2\/pages\/24","targetHints":{"allow":["GET"]}}],"collection":[{"href":"https:\/\/sanagroup.org\/en\/wp-json\/wp\/v2\/pages"}],"about":[{"href":"https:\/\/sanagroup.org\/en\/wp-json\/wp\/v2\/types\/page"}],"author":[{"embeddable":true,"href":"https:\/\/sanagroup.org\/en\/wp-json\/wp\/v2\/users\/1"}],"replies":[{"embeddable":true,"href":"https:\/\/sanagroup.org\/en\/wp-json\/wp\/v2\/comments?post=24"}],"version-history":[{"count":0,"href":"https:\/\/sanagroup.org\/en\/wp-json\/wp\/v2\/pages\/24\/revisions"}],"wp:attachment":[{"href":"https:\/\/sanagroup.org\/en\/wp-json\/wp\/v2\/media?parent=24"}],"curies":[{"name":"wp","href":"https:\/\/api.w.org\/{rel}","templated":true}]}}